{"id":462,"date":"2023-12-18T22:58:43","date_gmt":"2023-12-18T21:58:43","guid":{"rendered":"https:\/\/sollionstribe.com\/?page_id=462"},"modified":"2023-12-18T23:10:39","modified_gmt":"2023-12-18T22:10:39","slug":"news","status":"publish","type":"page","link":"https:\/\/sollionstribe.com\/index.php\/news\/","title":{"rendered":"News"},"content":{"rendered":"\t\t<div data-elementor-type=\"wp-post\" data-elementor-id=\"462\" class=\"elementor elementor-462\">\n\t\t\t\t<div class=\"elementor-element elementor-element-b4257bc e-flex e-con-boxed e-con e-parent\" data-id=\"b4257bc\" data-element_type=\"container\" data-e-type=\"container\">\n\t\t\t\t\t<div class=\"e-con-inner\">\n\t\t\t\t<div class=\"elementor-element elementor-element-43f0163 elementor-widget elementor-widget-image\" data-id=\"43f0163\" data-element_type=\"widget\" data-e-type=\"widget\" data-widget_type=\"image.default\">\n\t\t\t\t<div class=\"elementor-widget-container\">\n\t\t\t\t\t\t\t\t\t\t\t\t\t\t\t<img decoding=\"async\" src=\"https:\/\/i0.wp.com\/sollionstribe.com\/wp-content\/uploads\/2023\/12\/cropped-1.png?fit=200%2C40&#038;ssl=1\" title=\"cropped-1.png\" alt=\"cropped-1.png\" loading=\"lazy\" \/>\t\t\t\t\t\t\t\t\t\t\t\t\t\t\t<\/div>\n\t\t\t\t<\/div>\n\t\t\t\t\t<\/div>\n\t\t\t\t<\/div>\n\t\t<div class=\"elementor-element elementor-element-2a3f02b e-flex e-con-boxed e-con e-parent\" data-id=\"2a3f02b\" data-element_type=\"container\" data-e-type=\"container\">\n\t\t\t\t\t<div class=\"e-con-inner\">\n\t\t\t\t<div class=\"elementor-element elementor-element-07a8ea5 elementor-widget elementor-widget-text-editor\" data-id=\"07a8ea5\" data-element_type=\"widget\" data-e-type=\"widget\" data-widget_type=\"text-editor.default\">\n\t\t\t\t<div class=\"elementor-widget-container\">\n\t\t\t\t\t\t\t\t\t<h1 class=\"entry-title\">Sollions: Unindo Tribos e Construindo um Mundo Sustent\u00e1vel<\/h1><p>\u00a0<\/p><div class=\"page-content\"><p>A busca por um mundo mais harmonioso e sustent\u00e1vel \u00e9 uma preocupa\u00e7\u00e3o crescente em nossa sociedade. Cada vez mais pessoas est\u00e3o despertando para a import\u00e2ncia de preservar a natureza, promover a coopera\u00e7\u00e3o entre os povos e adotar um estilo de vida consciente.<\/p><p>Nesse contexto, surge a Sollions, uma iniciativa que tem como objetivo unir as tribos e promover solu\u00e7\u00f5es inovadoras para uma conviv\u00eancia mais saud\u00e1vel com o planeta. Acreditamos que a coopera\u00e7\u00e3o entre as consci\u00eancias \u00e9 o caminho para construir um mundo melhor, onde a sustentabilidade, a beleza e a harmonia sejam valores fundamentais.<\/p><p>Cada boa ideia e cada boa a\u00e7\u00e3o s\u00e3o como sementes que podem gerar grandes frutos para a \u00e1rvore da abund\u00e2ncia e prosperidade. Na Sollions, acreditamos no poder transformador das ideias e no potencial de cada indiv\u00edduo em contribuir para a constru\u00e7\u00e3o de um futuro mais promissor.<\/p><p>Ao unir as tribos, buscamos criar um espa\u00e7o de integra\u00e7\u00e3o, onde diferentes culturas, conhecimentos e experi\u00eancias se encontram para trocar ideias e solu\u00e7\u00f5es. Acreditamos na diversidade como um elemento enriquecedor, capaz de gerar novas perspectivas e impulsionar a inova\u00e7\u00e3o.<\/p><p>Em nosso caminho de integra\u00e7\u00e3o, valorizamos a sabedoria ancestral e os conhecimentos tradicionais, reconhecendo a import\u00e2ncia de preservar e respeitar a cultura de cada povo. Ao mesmo tempo, buscamos incorporar as tecnologias e os avan\u00e7os cient\u00edficos em busca de solu\u00e7\u00f5es sustent\u00e1veis e eficientes.<\/p><p>Na Sollions, acreditamos que a transforma\u00e7\u00e3o come\u00e7a em cada um de n\u00f3s. Por isso, incentivamos a conscientiza\u00e7\u00e3o individual e a ado\u00e7\u00e3o de pr\u00e1ticas sustent\u00e1veis no dia a dia. Pequenas a\u00e7\u00f5es, como a redu\u00e7\u00e3o do consumo de pl\u00e1stico, o uso consciente da \u00e1gua e a escolha por produtos org\u00e2nicos, podem fazer uma grande diferen\u00e7a.<\/p><p>Al\u00e9m disso, promovemos a educa\u00e7\u00e3o ambiental e a dissemina\u00e7\u00e3o de conhecimentos sobre sustentabilidade, buscando conscientizar cada vez mais pessoas sobre a import\u00e2ncia de preservar o planeta e promover a harmonia entre os povos.<\/p><p>A Sollions \u00e9 uma ponte entre as tribos, um espa\u00e7o de encontro e colabora\u00e7\u00e3o, onde cada um pode contribuir com suas habilidades e conhecimentos para a constru\u00e7\u00e3o de um mundo mais inteligente e consciente. Acreditamos que juntos podemos fazer a diferen\u00e7a e criar um futuro melhor para todos.<\/p><p>Se voc\u00ea tamb\u00e9m acredita nessa causa e deseja fazer parte desse movimento de transforma\u00e7\u00e3o, junte-se \u00e0 Sollions e seja a mudan\u00e7a que queremos ver no mundo. Juntos, podemos construir um caminho de integra\u00e7\u00e3o de ideias e solu\u00e7\u00f5es para um viver com mais harmonia e uni\u00e3o entre os povos e a terra.<\/p><div class=\"post-tags\">\u00a0<\/div><\/div><section id=\"comments\" class=\"comments-area\"><div id=\"respond\" class=\"comment-respond\">\u00a0<\/div><\/section>\t\t\t\t\t\t\t\t<\/div>\n\t\t\t\t<\/div>\n\t\t\t\t\t<\/div>\n\t\t\t\t<\/div>\n\t\t\t\t<\/div>\n\t\t","protected":false},"excerpt":{"rendered":"<p>Sollions: Unindo Tribos e Construindo um Mundo Sustent\u00e1vel \u00a0 A busca por um mundo mais harmonioso e sustent\u00e1vel \u00e9 uma preocupa\u00e7\u00e3o crescente em nossa sociedade. Cada vez mais pessoas est\u00e3o despertando para a import\u00e2ncia de preservar a natureza, promover a coopera\u00e7\u00e3o entre os povos e adotar um estilo de vida consciente. Nesse contexto, surge a&hellip;&nbsp;<a href=\"https:\/\/sollionstribe.com\/index.php\/news\/\" rel=\"bookmark\">Continue a ler &raquo;<span class=\"screen-reader-text\">News<\/span><\/a><\/p>\n","protected":false},"author":1,"featured_media":0,"parent":0,"menu_order":0,"comment_status":"closed","ping_status":"closed","template":"elementor_header_footer","meta":{"neve_meta_sidebar":"","neve_meta_container":"","neve_meta_enable_content_width":"","neve_meta_content_width":0,"neve_meta_title_alignment":"","neve_meta_author_avatar":"","neve_post_elements_order":"","neve_meta_disable_header":"","neve_meta_disable_footer":"","neve_meta_disable_title":"","footnotes":""},"class_list":["post-462","page","type-page","status-publish","hentry"],"jetpack-related-posts":[],"jetpack_sharing_enabled":true,"_links":{"self":[{"href":"https:\/\/sollionstribe.com\/index.php\/wp-json\/wp\/v2\/pages\/462","targetHints":{"allow":["GET"]}}],"collection":[{"href":"https:\/\/sollionstribe.com\/index.php\/wp-json\/wp\/v2\/pages"}],"about":[{"href":"https:\/\/sollionstribe.com\/index.php\/wp-json\/wp\/v2\/types\/page"}],"author":[{"embeddable":true,"href":"https:\/\/sollionstribe.com\/index.php\/wp-json\/wp\/v2\/users\/1"}],"replies":[{"embeddable":true,"href":"https:\/\/sollionstribe.com\/index.php\/wp-json\/wp\/v2\/comments?post=462"}],"version-history":[{"count":8,"href":"https:\/\/sollionstribe.com\/index.php\/wp-json\/wp\/v2\/pages\/462\/revisions"}],"predecessor-version":[{"id":480,"href":"https:\/\/sollionstribe.com\/index.php\/wp-json\/wp\/v2\/pages\/462\/revisions\/480"}],"wp:attachment":[{"href":"https:\/\/sollionstribe.com\/index.php\/wp-json\/wp\/v2\/media?parent=462"}],"curies":[{"name":"wp","href":"https:\/\/api.w.org\/{rel}","templated":true}]}}